{"id":108,"date":"2021-03-27T14:23:09","date_gmt":"2021-03-27T14:23:09","guid":{"rendered":"https:\/\/new.tabletop-syke.de\/?page_id=108"},"modified":"2022-03-14T18:20:23","modified_gmt":"2022-03-14T18:20:23","slug":"satzung","status":"publish","type":"page","link":"https:\/\/new.tabletop-syke.de\/?page_id=108","title":{"rendered":"Satzung"},"content":{"rendered":"\n<h3 class=\"wp-block-heading\" style=\"font-size:26px\"><strong>\u00a7 1 Name, Sitz, Gesch\u00e4ftsjahr<\/strong><\/h3>\n\n\n\n<ol class=\"wp-block-list\"><li>Der Idealverein f\u00fchrt den Namen \u201eTabletop Club Syke\u201c<\/li><li>Er hat seinen Sitz in Syke.<\/li><li>Das Gesch\u00e4ftsjahr verl\u00e4uft von den Monaten Juni bis Mai.<\/li><\/ol>\n\n\n\n<h3 class=\"wp-block-heading\" style=\"font-size:26px\"><strong>\u00a7 2 Ziele und Aufgaben des Vereins<\/strong><\/h3>\n\n\n\n<ol class=\"wp-block-list\"><li>Ziel des Idealvereins ist es, das Hobby Tabletop in der \u00d6ffentlichkeit zu f\u00f6rdern und eine Spielm\u00f6glichkeit f\u00fcr Gleichgesinnte dieses Hobbys anzubieten.<br>Der Satzungszweck wird insbesondere verwirklicht durch regelm\u00e4\u00dfige Treffen, zur Verf\u00fcgungstellung von R\u00e4umlichkeiten und Spielmaterial in Form von Spielplatten und Gel\u00e4ndeteile sowie Bastelmaterial, eine Aufbewahrungsm\u00f6glichkeit von Platten, Gel\u00e4nde und Figuren und eines Forums als Kommunikationsplattform. Das gemeinsame Spielen und Austauschen von Erfahrungen in diesem Hobby, sowie die Aus\u00fcbung von Kreativit\u00e4t in Form von Gel\u00e4ndebau, Plattenbau und Miniaturengestaltung stehen hierbei im Mittelpunkt.<\/li><\/ol>\n\n\n\n<h3 class=\"wp-block-heading\" style=\"font-size:26px\"><strong>\u00a7 3 Selbstlosigkeit<\/strong><\/h3>\n\n\n\n<ol class=\"wp-block-list\"><li>Die K\u00f6rperschaft ist selbstlos t\u00e4tig; sie verfolgt nicht in erster Linie eigenwirtschaftliche Zwecke. Mittel der K\u00f6rperschaft d\u00fcrfen nur f\u00fcr die satzungsm\u00e4\u00dfigen Zwecke verwendet werden. Die Mitglieder erhalten in ihrer Eigenschaft als Mitglieder keine Zuwendungen aus Mitteln der K\u00f6rperschaft. Es darf keine Person durch Ausgaben, die dem Zweck der K\u00f6rperschaft fremd sind, oder durch unverh\u00e4ltnism\u00e4\u00dfig hohe Verg\u00fctungen beg\u00fcnstigt werden.<\/li><\/ol>\n\n\n\n<h3 class=\"wp-block-heading\" style=\"font-size:26px\"><strong>\u00a7 4 Mitgliedschaft<\/strong><\/h3>\n\n\n\n<ol class=\"wp-block-list\"><li>Mitglieder k\u00f6nnen alle nat\u00fcrlichen Personen werden, die das 14. Lebensjahr vollendet haben und die Ziele des Vereins unterst\u00fctzen.<\/li><li>\u00dcber den Antrag auf Aufnahme in den Verein entscheidet der Vorstand.<\/li><li>Die Mitgliedschaft endet durch Austritt oder Ausschluss.<\/li><li>Der Austritt ist nur zum Ende eines Monats m\u00f6glich und erfolgt durch schriftliche Erkl\u00e4rung gegen\u00fcber dem Vorsitzenden unter Einhaltung einer Frist von 7 Tagen vor dem Austrittsdatum.<\/li><li>Ein Mitglied kann durch Beschluss des Vorstandes ausgeschlossen werden, wenn es den Vereinszielen zuwider handelt oder trotz Abmahnung mit dem Beitrag f\u00fcr drei Monate im R\u00fcckstand liegt. Gegen den Beschluss kann das Mitglied die Mitgliederversammlung anrufen. Diese entscheidet endg\u00fcltig. Das Mitglied ist zu der Versammlung einzuladen und anzuh\u00f6ren.<\/li><\/ol>\n\n\n\n<h3 class=\"wp-block-heading\" style=\"font-size:26px\"><strong>\u00a7 5 Beitrag<\/strong><\/h3>\n\n\n\n<ol class=\"wp-block-list\"><li>Der Mitgliedsbeitrag f\u00fcr Vollj\u00e4hrige ab dem 18. Lebensjahr betr\u00e4gt 10 Euro im Monat oder 100 Euro im Jahr. F\u00fcr vollj\u00e4hrige Mitglieder, die Sch\u00fcler, Azubis oder Vollzeitstudenten sind,<\/li><\/ol>\n\n\n\n<p>betr\u00e4gt der Mitgliedsbeitrag nur 5 Euro im Monat oder 50\u20ac im Jahr.<\/p>\n\n\n\n<ol class=\"wp-block-list\"><li>Der Mitgliedsbeitrag f\u00fcr Kinder und Jugendliche bis zum vollendeten 18. Lebensjahr betr\u00e4gt 2,50 Euro im Monat oder 25 Euro im Jahr.<\/li><li>Beitragsstaffelungen sind stets vor Beginn der jeweiligen Periode zu leisten.<\/li><\/ol>\n\n\n\n<p>Beitr\u00e4ge, die versp\u00e4tet geleistet werden, k\u00f6nnen nur monatlich abgerechnet werden.<\/p>\n\n\n\n<ol class=\"wp-block-list\"><li>Vollj\u00e4hrige Nichtmitglieder des Vereins m\u00fcssen 5 Euro bei Teilnahme an regul\u00e4ren Spieltagen als Tagessatz bezahlen, wobei der erste Spieltag kostenfrei ist.<\/li><\/ol>\n\n\n\n<p>F\u00fcr Kinder und Jugendliche bis zum vollendeten 18. Lebensjahr betr\u00e4gt der Tagessatz 1 Euro.<\/p>\n\n\n\n<ol class=\"wp-block-list\"><li>Ab einer Anreise von \u00fcber 100 Kilometern auf dem direktesten Weg entf\u00e4llt der Beitrag f\u00fcr den jeweiligen Teilnehmer, au\u00dfer wenn ein Turnier oder \u00e4hnliche Veranstaltung stattfindet. In diesem Fall entscheidet der Vorstand \u00fcber das Entrichten des Mitgliedsbeitrages. Es gilt die Entfernung zwischen Wohnsitz und Vereinssitz.<\/li><li>Die Teilnahme an Turnieren und Kampagnen ist f\u00fcr Mitglieder des Vereins kostenlos.<\/li><\/ol>\n\n\n\n<p>Nach R\u00fccksprache mit den jeweiligen Teilnehmern, k\u00f6nnen jedoch Anschaffungskosten f\u00fcr<\/p>\n\n\n\n<p>Material teilweise oder im vollen Umfang durch die Teilnehmer getragen werden.<\/p>\n\n\n\n<ol class=\"wp-block-list\"><li>Es ist zu jedem Zeitpunkt m\u00f6glich einen Urlaub von maximal einem Monat anzumelden. Dies muss einem Vorstandsmitglied eine Woche vor Antritt des Urlaubs schriftlich mitgeteilt werden.<\/li><li>Der maximale Urlaubszeitraum im gesamten Kalenderjahr betr\u00e4gt 3 Monate, verteilt \u00fcber das ganze Jahr.<\/li><li>Der Zeitraum zwischen den Urlaubsanmeldungen muss mindestens einen Monat betragen.<\/li><li>Im Urlaubszeitraum sind keine Mitgliedsbeitr\u00e4ge zu entrichten.<\/li><li>Bereits geleistete Beitr\u00e4ge werden auf sp\u00e4tere Monate angerechnet.<\/li><li>Mitglieder k\u00f6nnen f\u00fcr freiwillige Leistungen gegen\u00fcber des Vereins eine angemessene Aufwandsentsch\u00e4digung nach der vereinseigenen Belohnungstabelle erhalten.<\/li><\/ol>\n\n\n\n<p>Die Belohnungstabelle wird durch die Mitgliederversammlung bestimmt.<\/p>\n\n\n\n<h3 class=\"wp-block-heading\" style=\"font-size:26px\"><strong>\u00a7 6 Organe des Vereins<\/strong><\/h3>\n\n\n\n<p>Die Organe des Vereins sind:<\/p>\n\n\n\n<ol class=\"wp-block-list\"><li>Mitgliederversammlung<\/li><li>Vorstand<\/li><li>Kassenwart<\/li><\/ol>\n\n\n\n<p class=\"has-colibri-color-6-color has-text-color\" style=\"font-size:26px\"><strong>\u00a7 7 Vorstand<\/strong><\/p>\n\n\n\n<ol class=\"wp-block-list\"><li>Der Vorstand besteht aus drei Mitgliedern. Einem Vorsitzenden und zwei stellvertretenden Vorsitzenden. Einer diese Mitglieder \u00fcbernimmt au\u00dferdem die Rolle des Kassenwarts. Die Vorsitzenden vertreten den Idealverein gerichtlich und au\u00dfergerichtlich.<\/li><li>Je zwei Vorstandsmitglieder sind gemeinsam vertretungsberechtigt.<\/li><li>Der Vorstand wird von der Mitgliederversammlung f\u00fcr die Dauer von einem Jahr gew\u00e4hlt.<\/li><li>Die Wiederwahl der Vorstandsmitglieder ist m\u00f6glich.<\/li><li>Der Vorsitzende wird von der Mitgliederversammlung in einem besonderen Wahlgang bestimmt. Die jeweils amtierenden Vorstandsmitglieder bleiben nach Ablauf ihrer Amtszeit im Amt, bis Nachfolger gew\u00e4hlt sind.<\/li><li>Der Vorsitzende stellt die Vereinsr\u00e4umlichkeiten.<\/li><li>Die Kosten f\u00fcr die R\u00e4umlichkeiten tr\u00e4gt der Verein.<\/li><li>Dem Vorstand obliegt die F\u00fchrung der laufenden Gesch\u00e4fte des Vereins. Er hat insbesondere folgende Aufgaben: Der Vorstand \u00fcbt seine T\u00e4tigkeit ehrenamtlich aus. Der Vorstand kann f\u00fcr die Gesch\u00e4fte der laufenden Verwaltung einen Gesch\u00e4ftsf\u00fchrer bestellen. Dieser ist berechtigt, an den Sitzungen des Vorstandes mit beratender Stimme teilzunehmen.<\/li><li>Vorstandssitzungen finden j\u00e4hrlich mindestens einmal statt. Die Einladung zu Vorstandssitzungen erfolgt durch ein Vorstandsmitglied schriftlich oder fernm\u00fcndlich unter Einhaltung einer Einladungsfrist von mindestens 7 Tagen. Vorstandssitzungen sind beschlussf\u00e4hig, wenn alle Vorstandsmitglieder anwesend sind.<\/li><li>Der Vorstand fasst seine Beschl\u00fcsse mit einfacher Mehrheit.<\/li><li>Beschl\u00fcsse des Vorstands k\u00f6nnen bei Eilbed\u00fcrftigkeit auch schriftlich oder fernm\u00fcndlich gefasst werden, wenn alle Vorstandsmitglieder ihre Zustimmung zu diesem Verfahren schriftlich oder fernm\u00fcndlich erkl\u00e4ren. Schriftlich oder fernm\u00fcndlich gefasste Vorstandsbeschl\u00fcsse sind schriftlich niederzulegen und von zwei Mitgliedern die nicht dem Vorstand angeh\u00f6ren zu unterzeichnen.<\/li><\/ol>\n\n\n\n<h3 class=\"has-colibri-color-6-color has-text-color wp-block-heading\" style=\"font-size:26px\"><strong>\u00a7 8 Mitgliederversammlung<\/strong><\/h3>\n\n\n\n<ol class=\"wp-block-list\"><li>Die Mitgliederversammlung ist einmal j\u00e4hrlich einzuberufen.<\/li><li>Eine au\u00dferordentliche Mitgliederversammlung ist einzuberufen, wenn es das Vereinsinteresse erfordert oder wenn die Einberufung von drei der Vereinsmitglieder schriftlich und unter Angabe des Zweckes und der Gr\u00fcnde verlangt wird.<\/li><li>Die Einberufung der Mitgliederversammlung erfolgt schriftlich oder fernm\u00fcndlich durch den Vorstand unter Wahrung einer Einladungsfrist von mindestens 14 Tagen bei gleichzeitiger Bekanntgabe der Tagesordnung, sowie anstehenden Satzungs\u00e4nderungsantr\u00e4gen.<\/li><li>Die Frist beginnt mit dem auf die Absendung des Einladungsschreibens folgenden Tag. Das Einladungsschreiben gilt dem Mitglied als zugegangen, wenn es an die letzte vom Mitglied des Vereins schriftlich bekannt gegebene Adresse gerichtet ist.<\/li><li>Die Mitgliederversammlung als das oberste beschlussfassende Vereinsorgan ist grunds\u00e4tzlich f\u00fcr alle Aufgaben zust\u00e4ndig, sofern bestimmte Aufgaben gem\u00e4\u00df dieser Satzung nicht einem anderen Vereinsorgan \u00fcbertragen wurden.<\/li><li>Ihr sind insbesondere die Jahresrechnung und der Jahresbericht zur Beschlussfassung \u00fcber die Genehmigung und die Entlastung des Vorstandes schriftlich vorzulegen. Sie bestellt zwei Rechnungspr\u00fcfer, die weder dem Vorstand noch einem vom Vorstand berufenen Gremium angeh\u00f6ren und auch nicht Angestellte des Vereins sein d\u00fcrfen, um die Buchf\u00fchrung einschlie\u00dflich Jahresabschluss zu pr\u00fcfen und \u00fcber das Ergebnis vor der Mitgliederversammlung zu berichten.<\/li><li>Die Mitgliederversammlung entscheidet z. B. auch \u00fcber<\/li><\/ol>\n\n\n\n<p>a) Aufgaben des Vereins,<\/p>\n\n\n\n<p>b) An- und Verkauf sowie Belastung von Grundbesitz,<\/p>\n\n\n\n<p>c) Aufnahme von Darlehen ab EUR 1,<\/p>\n\n\n\n<p>d) Genehmigung aller Gesch\u00e4ftsordnungen f\u00fcr den Vereinsbereich,<\/p>\n\n\n\n<p>e) Mitgliedsbeitr\u00e4ge,<\/p>\n\n\n\n<p>f) Satzungs\u00e4nderungen,<\/p>\n\n\n\n<p>g) Aufl\u00f6sung des Vereins.<\/p>\n\n\n\n<ol class=\"wp-block-list\" start=\"8\"><li>Jede satzungsm\u00e4\u00dfig einberufene Mitgliederversammlung wird als beschlussf\u00e4hig anerkannt<\/li><\/ol>\n\n\n\n<p>ohne R\u00fccksicht auf die Zahl der erschienenen Vereinsmitglieder.<\/p>\n\n\n\n<p>Jedes Mitglied ab einem Alter von 18 Jahren und einer Mitgliedschaft von mindestens 3 Monaten ist stimmberechtigt.<\/p>\n\n\n\n<p>Die Mitgliederversammlung fasst ihre Beschl\u00fcsse mit einfacher Mehrheit. Bei Stimmengleichheit gilt ein Antrag als abgelehnt.<\/p>\n\n\n\n<h3 class=\"has-colibri-color-6-color has-text-color wp-block-heading\" style=\"font-size:26px\"><strong>\u00a7 9 Der Kassenwart<\/strong><\/h3>\n\n\n\n<ol class=\"wp-block-list\"><li>Der Kassenwart besteht aus einem Mitglied<\/li><li>Er dokumentiert die Ein- und Ausgaben des Vereins und hat dem Vorstand mitzuteilen, wenn Mitglieder ihren Beitragszahlungen nicht nachkommen.<\/li><li>Der Kassenwart wird von der Mitgliederversammlung f\u00fcr die Dauer von einem Jahr gew\u00e4hlt.<\/li><li>Die Wiederwahl zum Kassenwart ist m\u00f6glich.<\/li><li>Der jeweils amtierende Kassenwart bleibt nach Ablauf seiner Amtszeit im Amt, bis ein Nachfolger gew\u00e4hlt ist.<\/li><li>Der Kassenwart \u00fcbt seine T\u00e4tigkeit ehrenamtlich aus.<\/li><li>Zur ordentlichen Mitgliederversammlung hat der Kassenwart einen Kassenbericht f\u00fcr das vergangene Gesch\u00e4ftsjahr vorzulegen.<\/li><li>Zur Kontrolle der Richtigkeit des Kassenberichtes werden durch die Mitgliederversammlung zwei Revisoren bestimmt, welche den Kassenbericht \u00fcberpr\u00fcfen und unterschreiben.<\/li><\/ol>\n\n\n\n<p class=\"has-colibri-color-6-color has-text-color\" style=\"font-size:26px\"><strong>\u00a7 10 Satzungs\u00e4nderungen<\/strong><\/p>\n\n\n\n<ol class=\"wp-block-list\"><li>F\u00fcr Satzungs\u00e4nderungen ist eine 3\/4-Mehrheit der erschienenen Vereinsmitglieder erforderlich.<\/li><li>\u00dcber Satzungs\u00e4nderungen kann in der Mitgliederversammlung nur abgestimmt werden, wenn auf diesen Tagesordnungspunkt bereits in der Einladung zur Mitgliederversammlung hingewiesen wurde und der Einladung sowohl der bisherige als auch der vorgesehene neue Satzungstext beigef\u00fcgt worden waren.<\/li><li>Satzungs\u00e4nderungen, die von Aufsichts-, Gerichts- oder Finanzbeh\u00f6rden aus formalen Gr\u00fcnden verlangt werden, kann der Vorstand von sich aus vornehmen. Diese Satzungs\u00e4nderungen m\u00fcssen allen Vereinsmitgliedern alsbald schriftlich mitgeteilt werden.<\/li><\/ol>\n\n\n\n<p class=\"has-colibri-color-6-color has-text-color\" style=\"font-size:26px\"><strong>\u00a7 11 Beurkundung von Beschl\u00fcssen<\/strong><\/p>\n\n\n\n<ol class=\"wp-block-list\"><li>Die in Vorstandssitzungen und in Mitgliederversammlungen erfassten Beschl\u00fcsse sind<\/li><\/ol>\n\n\n\n<p>schriftlich niederzulegen und vom Vorstand zu unterzeichnen.<\/p>\n\n\n\n<p class=\"has-colibri-color-6-color has-text-color\" style=\"font-size:26px\"><strong>\u00a7 12 Aufl\u00f6sung des Vereins und Verm\u00f6gensbindung<\/strong><\/p>\n\n\n\n<ol class=\"wp-block-list\"><li>F\u00fcr den Beschluss, den Verein aufzul\u00f6sen, ist eine 3\/4-Mehrheit der in der Mitgliederversammlung anwesenden Mitglieder erforderlich. Der Beschluss kann nur nach rechtzeitiger Ank\u00fcndigung in der Einladung zur Mitgliederversammlung gefasst werden.<\/li><li>Bei Aufl\u00f6sung oder Aufhebung des Vereins wird das Verm\u00f6gen des Vereins durch den aktiven Vorstand f\u00fcr gemeinn\u00fctzige oder mildt\u00e4tige Zwecke gespendet.<\/li><li>Die Entscheidung \u00fcber den Beg\u00fcnstigten bestimmt der Vorstand durch einfache Mehrheit.<\/li><\/ol>\n\n\n\n<p class=\"has-colibri-color-6-color has-text-color\" style=\"font-size:26px\"><strong>\u00a713 Haftungsausschluss<\/strong><\/p>\n\n\n\n<ol class=\"wp-block-list\"><li>Mitglieder und Vorst\u00e4nde werden soweit zul\u00e4ssig von jeglicher Haftung ausgeschlossen.<\/li><\/ol>\n\n\n\n<p><br><\/p>\n","protected":false},"excerpt":{"rendered":"<p>\u00a7 1 Name, Sitz, Gesch\u00e4ftsjahr Der Idealverein f\u00fchrt den Namen \u201eTabletop Club Syke\u201c Er hat seinen Sitz in Syke. Das Gesch\u00e4ftsjahr verl\u00e4uft von den Monaten Juni bis Mai. \u00a7 2 Ziele und Aufgaben des Vereins Ziel des Idealvereins ist es, das Hobby Tabletop in der \u00d6ffentlichkeit zu f\u00f6rdern und eine Spielm\u00f6glichkeit f\u00fcr Gleichgesinnte dieses Hobbys [&hellip;]<\/p>\n","protected":false},"author":1,"featured_media":0,"parent":0,"menu_order":0,"comment_status":"closed","ping_status":"closed","template":"","meta":{"footnotes":""},"class_list":["post-108","page","type-page","status-publish","hentry"],"_links":{"self":[{"href":"https:\/\/new.tabletop-syke.de\/index.php?rest_route=\/wp\/v2\/pages\/108","targetHints":{"allow":["GET"]}}],"collection":[{"href":"https:\/\/new.tabletop-syke.de\/index.php?rest_route=\/wp\/v2\/pages"}],"about":[{"href":"https:\/\/new.tabletop-syke.de\/index.php?rest_route=\/wp\/v2\/types\/page"}],"author":[{"embeddable":true,"href":"https:\/\/new.tabletop-syke.de\/index.php?rest_route=\/wp\/v2\/users\/1"}],"replies":[{"embeddable":true,"href":"https:\/\/new.tabletop-syke.de\/index.php?rest_route=%2Fwp%2Fv2%2Fcomments&post=108"}],"version-history":[{"count":5,"href":"https:\/\/new.tabletop-syke.de\/index.php?rest_route=\/wp\/v2\/pages\/108\/revisions"}],"predecessor-version":[{"id":1630,"href":"https:\/\/new.tabletop-syke.de\/index.php?rest_route=\/wp\/v2\/pages\/108\/revisions\/1630"}],"wp:attachment":[{"href":"https:\/\/new.tabletop-syke.de\/index.php?rest_route=%2Fwp%2Fv2%2Fmedia&parent=108"}],"curies":[{"name":"wp","href":"https:\/\/api.w.org\/{rel}","templated":true}]}}