{"id":229,"date":"2021-03-27T15:08:42","date_gmt":"2021-03-27T15:08:42","guid":{"rendered":"https:\/\/new.tabletop-syke.de\/?page_id=229"},"modified":"2025-03-21T10:16:21","modified_gmt":"2025-03-21T10:16:21","slug":"ursprung","status":"publish","type":"page","link":"https:\/\/new.tabletop-syke.de\/?page_id=229","title":{"rendered":"Ursprung"},"content":{"rendered":"<div data-colibri-id=\"229-c1\" class=\"style-427 style-local-229-c1 position-relative\">\n  <!---->\n  <div data-colibri-component=\"section\" data-colibri-id=\"229-c2\" id=\"about\" class=\"h-section h-section-global-spacing d-flex align-items-lg-center align-items-md-center align-items-center style-428 style-local-229-c2 position-relative\">\n    <!---->\n    <!---->\n    <div class=\"h-section-grid-container h-section-boxed-container\">\n      <!---->\n      <div data-colibri-id=\"229-c3\" class=\"h-row-container gutters-row-lg-0 gutters-row-md-0 gutters-row-0 gutters-row-v-lg-0 gutters-row-v-md-0 gutters-row-v-0 style-429 style-local-229-c3 position-relative\">\n        <!---->\n        <div class=\"h-row justify-content-lg-center justify-content-md-center justify-content-center align-items-lg-stretch align-items-md-stretch align-items-stretch gutters-col-lg-0 gutters-col-md-0 gutters-col-0 gutters-col-v-lg-0 gutters-col-v-md-0 gutters-col-v-0\">\n          <!---->\n          <div class=\"h-column h-column-container d-flex h-col-lg-auto h-col-md-auto h-col-auto style-430-outer style-local-229-c4-outer\">\n            <div data-colibri-id=\"229-c4\" class=\"d-flex h-flex-basis h-column__inner h-px-lg-0 h-px-md-0 h-px-0 v-inner-lg-0 v-inner-md-0 v-inner-0 style-430 style-local-229-c4 position-relative\">\n              <!---->\n              <!---->\n              <div class=\"w-100 h-y-container h-column__content h-column__v-align flex-basis-100 align-self-lg-start align-self-md-start align-self-start\">\n                <!---->\n                <div data-colibri-id=\"229-c5\" class=\"h-global-transition-all h-heading style-431 style-local-229-c5 position-relative h-element\">\n                  <!---->\n                  <div class=\"h-heading__outer style-431 style-local-229-c5\">\n                    <!---->\n                    <!---->\n                    <h5 class=\"\">Unsere Geschichte<\/h5>\n                  <\/div>\n                <\/div>\n                <div data-colibri-id=\"229-c6\" class=\"h-global-transition-all h-heading style-432 style-local-229-c6 position-relative h-element\">\n                  <!---->\n                  <div class=\"h-heading__outer style-432 style-local-229-c6\">\n                    <!---->\n                    <!---->\n                    <h2 class=\"\">2011 &#8211; Der Anfang<\/h2>\n                  <\/div>\n                <\/div>\n                <div data-colibri-id=\"229-c7\" class=\"h-text h-text-component style-433 style-local-229-c7 position-relative h-element\">\n                  <!---->\n                  <!---->\n                  <div class=\"\">\n                    <p>Der Verein wurde am 01.06.2011 von vier tapferen Hobbyisten unter dem Namen&nbsp;<span style=\"color: rgb(70, 112, 127); font-family: &quot;Open Sans&quot;; font-size: 16px; font-weight: 400;\">Tabletop Club Bassum gegr\u00fcndet.&nbsp;Es dauerte auch nicht lange bis sich weitere Mitglieder fanden. Der Sitz des Vereins war zun\u00e4chst eine Scheune in Bassum.&nbsp;&nbsp;<\/span><\/p>\n                  <\/div>\n                <\/div>\n              <\/div>\n            <\/div>\n          <\/div>\n          <div class=\"h-column h-column-container d-flex h-col-lg-auto h-col-md-auto h-col-auto style-434-outer style-local-229-c8-outer\">\n            <div data-colibri-id=\"229-c8\" class=\"d-flex h-flex-basis h-column__inner h-px-lg-2 h-px-md-2 h-px-2 v-inner-lg-2 v-inner-md-2 v-inner-2 style-434 style-local-229-c8 position-relative\">\n              <!---->\n              <!---->\n              <div class=\"w-100 h-y-container h-column__content h-column__v-align flex-basis-100 align-self-lg-start align-self-md-start align-self-start\">\n                <!---->\n                <div data-colibri-id=\"229-c9\" class=\"d-block style-470 style-local-229-c9 position-relative h-element\">\n                  <!---->\n                  <div class=\"h-image__frame-container-outer\">\n                    <div class=\"h-image__frame-container\">\n                      <!---->\n                      <!---->\n                      <img loading=\"lazy\" decoding=\"async\" width=\"1817\" height=\"1013\" src=\"https:\/\/new.tabletop-syke.de\/wp-content\/uploads\/2021\/03\/cropped-IMG_2818-min-scaled-1.jpg\" class=\"wp-image-910 style-470-image style-local-229-c9-image\" alt=\"\" srcset=\"https:\/\/new.tabletop-syke.de\/wp-content\/uploads\/2021\/03\/cropped-IMG_2818-min-scaled-1.jpg 1817w, https:\/\/new.tabletop-syke.de\/wp-content\/uploads\/2021\/03\/cropped-IMG_2818-min-scaled-1-300x167.jpg 300w, https:\/\/new.tabletop-syke.de\/wp-content\/uploads\/2021\/03\/cropped-IMG_2818-min-scaled-1-1024x571.jpg 1024w, https:\/\/new.tabletop-syke.de\/wp-content\/uploads\/2021\/03\/cropped-IMG_2818-min-scaled-1-768x428.jpg 768w, https:\/\/new.tabletop-syke.de\/wp-content\/uploads\/2021\/03\/cropped-IMG_2818-min-scaled-1-1536x856.jpg 1536w\" sizes=\"auto, (max-width: 1817px) 100vw, 1817px\" \/>\n                      <div class=\"h-image__frame h-hide-lg h-hide-md h-hide-sm style-470-frameImage style-local-229-c9-frameImage\"><\/div>\n                    <\/div>\n                  <\/div>\n                <\/div>\n              <\/div>\n            <\/div>\n          <\/div>\n        <\/div>\n      <\/div>\n    <\/div>\n  <\/div>\n  <div data-colibri-component=\"section\" data-colibri-id=\"229-c10\" id=\"about-2\" class=\"h-section h-section-global-spacing d-flex align-items-lg-center align-items-md-center align-items-center style-435 style-local-229-c10 position-relative\">\n    <!---->\n    <!---->\n    <div class=\"h-section-grid-container h-section-boxed-container\">\n      <!---->\n      <div data-colibri-id=\"229-c11\" class=\"h-row-container gutters-row-lg-0 gutters-row-md-0 gutters-row-0 gutters-row-v-lg-0 gutters-row-v-md-0 gutters-row-v-0 style-436 style-local-229-c11 position-relative\">\n        <!---->\n        <div class=\"h-row justify-content-lg-center justify-content-md-center justify-content-center align-items-lg-stretch align-items-md-stretch align-items-stretch gutters-col-lg-0 gutters-col-md-0 gutters-col-0 gutters-col-v-lg-0 gutters-col-v-md-0 gutters-col-v-0\">\n          <!---->\n          <div class=\"h-column h-column-container d-flex h-col-lg-auto h-col-md-auto h-col-auto style-437-outer style-local-229-c12-outer\">\n            <div data-colibri-id=\"229-c12\" class=\"d-flex h-flex-basis h-column__inner h-ui-empty-state-container h-px-lg-0 h-px-md-0 h-px-0 v-inner-lg-0 v-inner-md-0 v-inner-0 style-437 style-local-229-c12 position-relative\">\n              <!---->\n              <!---->\n              <div class=\"w-100 h-y-container h-column__content h-column__v-align flex-basis-100\">\n                <!---->\n              <\/div>\n            <\/div>\n          <\/div>\n          <div class=\"h-column h-column-container d-flex h-col-lg-auto h-col-md-auto h-col-auto style-438-outer style-local-229-c13-outer\">\n            <div data-colibri-id=\"229-c13\" class=\"d-flex h-flex-basis h-column__inner h-px-lg-2 h-px-md-2 h-px-2 v-inner-lg-2 v-inner-md-2 v-inner-2 style-438 style-local-229-c13 position-relative\">\n              <!---->\n              <!---->\n              <div class=\"w-100 h-y-container h-column__content h-column__v-align flex-basis-100 align-self-lg-start align-self-md-start align-self-start\">\n                <!---->\n                <div data-colibri-id=\"229-c14\" class=\"h-global-transition-all h-heading style-440 style-local-229-c14 position-relative h-element\">\n                  <!---->\n                  <div class=\"h-heading__outer style-440 style-local-229-c14\">\n                    <!---->\n                    <!---->\n                    <h2 class=\"\">2012 &#8211;\n                      <br>Jugendhaus Syke<\/h2>\n                  <\/div>\n                <\/div>\n                <div data-colibri-id=\"229-c15\" class=\"h-text h-text-component style-441 style-local-229-c15 position-relative h-element\">\n                  <!---->\n                  <!---->\n                  <div class=\"\">\n                    <p>Nach den ersten Schritten baute der Verein einen engen Kontakt zum Jugendhaus Syke auf und veranstaltete dort Kampagnen und Turniere, an denen auch andere Vereine teilnahmen.<\/p>\n                  <\/div>\n                <\/div>\n              <\/div>\n            <\/div>\n          <\/div>\n        <\/div>\n      <\/div>\n    <\/div>\n  <\/div>\n  <div data-colibri-component=\"section\" data-colibri-id=\"229-c16\" id=\"about-3\" class=\"h-section h-section-global-spacing d-flex align-items-lg-center align-items-md-center align-items-center style-442 style-local-229-c16 position-relative\">\n    <!---->\n    <!---->\n    <div class=\"h-section-grid-container h-section-boxed-container\">\n      <!---->\n      <div data-colibri-id=\"229-c17\" class=\"h-row-container gutters-row-lg-0 gutters-row-md-0 gutters-row-0 gutters-row-v-lg-0 gutters-row-v-md-0 gutters-row-v-0 style-443 style-local-229-c17 position-relative\">\n        <!---->\n        <div class=\"h-row justify-content-lg-center justify-content-md-center justify-content-center align-items-lg-stretch align-items-md-stretch align-items-stretch gutters-col-lg-0 gutters-col-md-0 gutters-col-0 gutters-col-v-lg-0 gutters-col-v-md-0 gutters-col-v-0\">\n          <!---->\n          <div class=\"h-column h-column-container d-flex h-col-lg-auto h-col-md-auto h-col-auto style-444-outer style-local-229-c18-outer\">\n            <div data-colibri-id=\"229-c18\" class=\"d-flex h-flex-basis h-column__inner h-px-lg-0 h-px-md-0 h-px-0 v-inner-lg-0 v-inner-md-0 v-inner-0 style-444 style-local-229-c18 position-relative\">\n              <!---->\n              <!---->\n              <div class=\"w-100 h-y-container h-column__content h-column__v-align flex-basis-100 align-self-lg-start align-self-md-start align-self-start\">\n                <!---->\n                <div data-colibri-id=\"229-c19\" class=\"h-global-transition-all h-heading style-446 style-local-229-c19 position-relative h-element\">\n                  <!---->\n                  <div class=\"h-heading__outer style-446 style-local-229-c19\">\n                    <!---->\n                    <!---->\n                    <h2 class=\"\">2013 -Die Namenlosen Tage<\/h2>\n                  <\/div>\n                <\/div>\n                <div data-colibri-id=\"229-c20\" class=\"h-text h-text-component style-447 style-local-229-c20 position-relative h-element\">\n                  <!---->\n                  <!---->\n                  <div class=\"\">\n                    <p><span style=\"color: rgb(70, 112, 127); font-family: &quot;Open Sans&quot;; font-size: 16px; font-weight: 400;\">Zwei Mal j\u00e4hrlich finden die Namenlosen Tage im Jugendhaus Syke statt. Eine Convention f\u00fcr Brett-, Rollen- und auch Tabletopspieler. Auch der Tabletop Club Bassum ist stets mit dabei. Mit gro\u00dfen Events werden neue Mitglieder angeworben und neue Freundschaften gekn\u00fcpft.&nbsp;<\/span><\/p>\n                  <\/div>\n                <\/div>\n              <\/div>\n            <\/div>\n          <\/div>\n          <div class=\"h-column h-column-container d-flex h-col-lg-auto h-col-md-auto h-col-auto style-448-outer style-local-229-c21-outer\">\n            <div data-colibri-id=\"229-c21\" class=\"d-flex h-flex-basis h-column__inner h-ui-empty-state-container h-px-lg-2 h-px-md-2 h-px-2 v-inner-lg-2 v-inner-md-2 v-inner-2 style-448 style-local-229-c21 position-relative\">\n              <!---->\n              <!---->\n              <div class=\"w-100 h-y-container h-column__content h-column__v-align flex-basis-100\">\n                <!---->\n              <\/div>\n            <\/div>\n          <\/div>\n        <\/div>\n      <\/div>\n    <\/div>\n  <\/div>\n  <div data-colibri-component=\"section\" data-colibri-id=\"229-c22\" id=\"about-4\" class=\"h-section h-section-global-spacing d-flex align-items-lg-center align-items-md-center align-items-center style-449 style-local-229-c22 position-relative\">\n    <!---->\n    <!---->\n    <div class=\"h-section-grid-container h-section-boxed-container\">\n      <!---->\n      <div data-colibri-id=\"229-c23\" class=\"h-row-container gutters-row-lg-0 gutters-row-md-0 gutters-row-0 gutters-row-v-lg-0 gutters-row-v-md-0 gutters-row-v-0 style-450 style-local-229-c23 position-relative\">\n        <!---->\n        <div class=\"h-row justify-content-lg-center justify-content-md-center justify-content-center align-items-lg-stretch align-items-md-stretch align-items-stretch gutters-col-lg-0 gutters-col-md-0 gutters-col-0 gutters-col-v-lg-0 gutters-col-v-md-0 gutters-col-v-0\">\n          <!---->\n          <div class=\"h-column h-column-container d-flex h-col-lg-auto h-col-md-auto h-col-auto style-451-outer style-local-229-c24-outer\">\n            <div data-colibri-id=\"229-c24\" class=\"d-flex h-flex-basis h-column__inner h-ui-empty-state-container h-px-lg-0 h-px-md-0 h-px-0 v-inner-lg-0 v-inner-md-0 v-inner-0 style-451 style-local-229-c24 position-relative\">\n              <!---->\n              <!---->\n              <div class=\"w-100 h-y-container h-column__content h-column__v-align flex-basis-100\">\n                <!---->\n              <\/div>\n            <\/div>\n          <\/div>\n          <div class=\"h-column h-column-container d-flex h-col-lg-auto h-col-md-auto h-col-auto style-452-outer style-local-229-c25-outer\">\n            <div data-colibri-id=\"229-c25\" class=\"d-flex h-flex-basis h-column__inner h-px-lg-2 h-px-md-2 h-px-2 v-inner-lg-2 v-inner-md-2 v-inner-2 style-452 style-local-229-c25 position-relative\">\n              <!---->\n              <!---->\n              <div class=\"w-100 h-y-container h-column__content h-column__v-align flex-basis-100 align-self-lg-start align-self-md-start align-self-start\">\n                <!---->\n                <div data-colibri-id=\"229-c26\" class=\"h-global-transition-all h-heading style-454 style-local-229-c26 position-relative h-element\">\n                  <!---->\n                  <div class=\"h-heading__outer style-454 style-local-229-c26\">\n                    <!---->\n                    <!---->\n                    <h2 class=\"\">2014 -Der erste Umzug<\/h2>\n                  <\/div>\n                <\/div>\n                <div data-colibri-id=\"229-c27\" class=\"h-text h-text-component style-455 style-local-229-c27 position-relative h-element\">\n                  <!---->\n                  <!---->\n                  <div class=\"\">\n                    <p><span style=\"color: rgb(70, 112, 127); font-family: &quot;Open Sans&quot;; font-size: 16px; font-weight: 400;\">Der Verein wuchs. Immer mehr Mitglieder und auch Material mussten untergebracht werden. Somit zog der Verein 2014 in eine gr\u00f6\u00dfere Scheune nach Wachendorf, welche als Sommerquartier diente. Im Winter fand der Verein Unterschlupf im Jugendhaus Syke.<\/span><\/p>\n                  <\/div>\n                <\/div>\n              <\/div>\n            <\/div>\n          <\/div>\n        <\/div>\n      <\/div>\n    <\/div>\n  <\/div>\n  <div data-colibri-component=\"section\" data-colibri-id=\"229-c28\" id=\"about-5\" class=\"h-section h-section-global-spacing d-flex align-items-lg-center align-items-md-center align-items-center style-456 style-local-229-c28 position-relative\">\n    <!---->\n    <!---->\n    <div class=\"h-section-grid-container h-section-boxed-container\">\n      <!---->\n      <div data-colibri-id=\"229-c29\" class=\"h-row-container gutters-row-lg-0 gutters-row-md-0 gutters-row-0 gutters-row-v-lg-0 gutters-row-v-md-0 gutters-row-v-0 style-457 style-local-229-c29 position-relative\">\n        <!---->\n        <div class=\"h-row justify-content-lg-center justify-content-md-center justify-content-center align-items-lg-stretch align-items-md-stretch align-items-stretch gutters-col-lg-0 gutters-col-md-0 gutters-col-0 gutters-col-v-lg-0 gutters-col-v-md-0 gutters-col-v-0\">\n          <!---->\n          <div class=\"h-column h-column-container d-flex h-col-lg-auto h-col-md-auto h-col-auto style-458-outer style-local-229-c30-outer\">\n            <div data-colibri-id=\"229-c30\" class=\"d-flex h-flex-basis h-column__inner h-px-lg-0 h-px-md-0 h-px-0 v-inner-lg-0 v-inner-md-0 v-inner-0 style-458 style-local-229-c30 position-relative\">\n              <!---->\n              <!---->\n              <div class=\"w-100 h-y-container h-column__content h-column__v-align flex-basis-100 align-self-lg-start align-self-md-start align-self-start\">\n                <!---->\n                <div data-colibri-id=\"229-c31\" class=\"h-global-transition-all h-heading style-460 style-local-229-c31 position-relative h-element\">\n                  <!---->\n                  <div class=\"h-heading__outer style-460 style-local-229-c31\">\n                    <!---->\n                    <!---->\n                    <h2 class=\"\">2015 &#8211; 2018\n                      <br>Neue Systeme<\/h2>\n                  <\/div>\n                <\/div>\n                <div data-colibri-id=\"229-c32\" class=\"h-text h-text-component style-461 style-local-229-c32 position-relative h-element\">\n                  <!---->\n                  <!---->\n                  <div class=\"\">\n                    <p>Durch den dazugewonnen Platz und durch neue Mitglieder werden neue Spielsysteme in dem Verein eingef\u00fchrt. Das Portfolio des Vereins erweitert sich au\u00dferdem um diverse Brett- und Kartenspiele.&nbsp;<\/p>\n                  <\/div>\n                <\/div>\n              <\/div>\n            <\/div>\n          <\/div>\n          <div class=\"h-column h-column-container d-flex h-col-lg-auto h-col-md-auto h-col-auto style-462-outer style-local-229-c33-outer\">\n            <div data-colibri-id=\"229-c33\" class=\"d-flex h-flex-basis h-column__inner h-ui-empty-state-container h-px-lg-2 h-px-md-2 h-px-2 v-inner-lg-2 v-inner-md-2 v-inner-2 style-462 style-local-229-c33 position-relative\">\n              <!---->\n              <!---->\n              <div class=\"w-100 h-y-container h-column__content h-column__v-align flex-basis-100\">\n                <!---->\n              <\/div>\n            <\/div>\n          <\/div>\n        <\/div>\n      <\/div>\n    <\/div>\n  <\/div>\n  <div data-colibri-component=\"section\" data-colibri-id=\"229-c34\" id=\"about-6\" class=\"h-section h-section-global-spacing d-flex align-items-lg-center align-items-md-center align-items-center style-463 style-local-229-c34 position-relative\">\n    <!---->\n    <!---->\n    <div class=\"h-section-grid-container h-section-boxed-container\">\n      <!---->\n      <div data-colibri-id=\"229-c35\" class=\"h-row-container gutters-row-lg-0 gutters-row-md-0 gutters-row-0 gutters-row-v-lg-0 gutters-row-v-md-0 gutters-row-v-0 style-464 style-local-229-c35 position-relative\">\n        <!---->\n        <div class=\"h-row justify-content-lg-center justify-content-md-center justify-content-center align-items-lg-stretch align-items-md-stretch align-items-stretch gutters-col-lg-0 gutters-col-md-0 gutters-col-0 gutters-col-v-lg-0 gutters-col-v-md-0 gutters-col-v-0\">\n          <!---->\n          <div class=\"h-column h-column-container d-flex h-col-lg-auto h-col-md-auto h-col-auto style-465-outer style-local-229-c36-outer\">\n            <div data-colibri-id=\"229-c36\" class=\"d-flex h-flex-basis h-column__inner h-ui-empty-state-container h-px-lg-0 h-px-md-0 h-px-0 v-inner-lg-0 v-inner-md-0 v-inner-0 style-465 style-local-229-c36 position-relative\">\n              <!---->\n              <!---->\n              <div class=\"w-100 h-y-container h-column__content h-column__v-align flex-basis-100\">\n                <!---->\n              <\/div>\n            <\/div>\n          <\/div>\n          <div class=\"h-column h-column-container d-flex h-col-lg-auto h-col-md-auto h-col-auto style-466-outer style-local-229-c37-outer\">\n            <div data-colibri-id=\"229-c37\" class=\"d-flex h-flex-basis h-column__inner h-px-lg-2 h-px-md-2 h-px-2 v-inner-lg-2 v-inner-md-2 v-inner-2 style-466 style-local-229-c37 position-relative\">\n              <!---->\n              <!---->\n              <div class=\"w-100 h-y-container h-column__content h-column__v-align flex-basis-100 align-self-lg-start align-self-md-start align-self-start\">\n                <!---->\n                <div data-colibri-id=\"229-c38\" class=\"h-global-transition-all h-heading style-468 style-local-229-c38 position-relative h-element\">\n                  <!---->\n                  <div class=\"h-heading__outer style-468 style-local-229-c38\">\n                    <!---->\n                    <!---->\n                    <h2 class=\"\">2019 &#8211;\n                      <br>Zweiter Umzug&nbsp;<\/h2>\n                  <\/div>\n                <\/div>\n                <div data-colibri-id=\"229-c39\" class=\"h-text h-text-component style-469 style-local-229-c39 position-relative h-element\">\n                  <!---->\n                  <!---->\n                  <div class=\"\">\n                    <p>Steigende Temperaturen machten dem Verein in der Scheune in Wachendorf schwer zu schaffen. Die Sommer waren zu warm und die Winter zu kalt um sie im Vereinssitz zu verbringen. Deshalb zog der Verein 2019 komplett in die R\u00e4umlichkeiten\n                      des Jugendhaus Sykes.<\/p>\n                  <\/div>\n                <\/div>\n              <\/div>\n            <\/div>\n          <\/div>\n        <\/div>\n      <\/div>\n    <\/div>\n  <\/div>\n  <div data-colibri-component=\"section\" data-colibri-id=\"229-c40\" id=\"about-7\" class=\"h-section h-section-global-spacing d-flex align-items-lg-center align-items-md-center align-items-center style-604 style-local-229-c40 position-relative\">\n    <!---->\n    <!---->\n    <div class=\"h-section-grid-container h-section-boxed-container\">\n      <!---->\n      <div data-colibri-id=\"229-c41\" class=\"h-row-container gutters-row-lg-0 gutters-row-md-0 gutters-row-0 gutters-row-v-lg-0 gutters-row-v-md-0 gutters-row-v-0 style-605 style-local-229-c41 position-relative\">\n        <!---->\n        <div class=\"h-row justify-content-lg-center justify-content-md-center justify-content-center align-items-lg-stretch align-items-md-stretch align-items-stretch gutters-col-lg-0 gutters-col-md-0 gutters-col-0 gutters-col-v-lg-0 gutters-col-v-md-0 gutters-col-v-0\">\n          <!---->\n          <div class=\"h-column h-column-container d-flex h-col-lg-auto h-col-md-auto h-col-auto style-606-outer style-local-229-c42-outer\">\n            <div data-colibri-id=\"229-c42\" class=\"d-flex h-flex-basis h-column__inner h-px-lg-0 h-px-md-0 h-px-0 v-inner-lg-0 v-inner-md-0 v-inner-0 style-606 style-local-229-c42 position-relative\">\n              <!---->\n              <!---->\n              <div class=\"w-100 h-y-container h-column__content h-column__v-align flex-basis-100 align-self-lg-start align-self-md-start align-self-start\">\n                <!---->\n                <div data-colibri-id=\"229-c43\" class=\"h-global-transition-all h-heading style-608 style-local-229-c43 position-relative h-element\">\n                  <!---->\n                  <div class=\"h-heading__outer style-608 style-local-229-c43\">\n                    <!---->\n                    <!---->\n                    <h2 class=\"\">2020 &#8211; 2021 Umstrukturierung&nbsp;<\/h2>\n                  <\/div>\n                <\/div>\n                <div data-colibri-id=\"229-c44\" class=\"h-text h-text-component style-609 style-local-229-c44 position-relative h-element\">\n                  <!---->\n                  <!---->\n                  <div class=\"\">\n                    <p>Durch den Umzug ins Syker Jugendhaus wurde es Zeit f\u00fcr Ver\u00e4nderungen. Aus dem Tabletop Club Bassum wurde daher nun der Tabletop Club Syke.&nbsp;Zus\u00e4tzlich zu der Namens\u00e4nderung sollte auch ein neuer Fokus gesetzt werden: Neue Mitglieder\n                      durch Professionalit\u00e4t anwerben. Hierzu wurde neues Equipment sowie eine neue Website angeschafft.<\/p>\n                  <\/div>\n                <\/div>\n              <\/div>\n            <\/div>\n          <\/div>\n          <div class=\"h-column h-column-container d-flex h-col-lg-auto h-col-md-auto h-col-auto style-610-outer style-local-229-c45-outer\">\n            <div data-colibri-id=\"229-c45\" class=\"d-flex h-flex-basis h-column__inner h-ui-empty-state-container h-px-lg-2 h-px-md-2 h-px-2 v-inner-lg-2 v-inner-md-2 v-inner-2 style-610 style-local-229-c45 position-relative\">\n              <!---->\n              <!---->\n              <div class=\"w-100 h-y-container h-column__content h-column__v-align flex-basis-100\">\n                <!---->\n              <\/div>\n            <\/div>\n          <\/div>\n        <\/div>\n      <\/div>\n    <\/div>\n  <\/div>\n<\/div>","protected":false},"excerpt":{"rendered":"<p>Unsere Geschichte 2011 &#8211; Der Anfang Der Verein wurde am 01.06.2011 von vier tapferen Hobbyisten unter dem Namen&nbsp;Tabletop Club Bassum gegr\u00fcndet.&nbsp;Es dauerte auch nicht lange bis sich weitere Mitglieder fanden. Der Sitz des Vereins war zun\u00e4chst eine Scheune in Bassum.&nbsp;&nbsp; 2012 &#8211; Jugendhaus Syke Nach den ersten Schritten baute der Verein einen engen Kontakt zum [&hellip;]<\/p>\n","protected":false},"author":1,"featured_media":0,"parent":0,"menu_order":0,"comment_status":"closed","ping_status":"closed","template":"page-templates\/full-width-page.php","meta":{"footnotes":""},"class_list":["post-229","page","type-page","status-publish","hentry"],"_links":{"self":[{"href":"https:\/\/new.tabletop-syke.de\/index.php?rest_route=\/wp\/v2\/pages\/229","targetHints":{"allow":["GET"]}}],"collection":[{"href":"https:\/\/new.tabletop-syke.de\/index.php?rest_route=\/wp\/v2\/pages"}],"about":[{"href":"https:\/\/new.tabletop-syke.de\/index.php?rest_route=\/wp\/v2\/types\/page"}],"author":[{"embeddable":true,"href":"https:\/\/new.tabletop-syke.de\/index.php?rest_route=\/wp\/v2\/users\/1"}],"replies":[{"embeddable":true,"href":"https:\/\/new.tabletop-syke.de\/index.php?rest_route=%2Fwp%2Fv2%2Fcomments&post=229"}],"version-history":[{"count":20,"href":"https:\/\/new.tabletop-syke.de\/index.php?rest_route=\/wp\/v2\/pages\/229\/revisions"}],"predecessor-version":[{"id":2089,"href":"https:\/\/new.tabletop-syke.de\/index.php?rest_route=\/wp\/v2\/pages\/229\/revisions\/2089"}],"wp:attachment":[{"href":"https:\/\/new.tabletop-syke.de\/index.php?rest_route=%2Fwp%2Fv2%2Fmedia&parent=229"}],"curies":[{"name":"wp","href":"https:\/\/api.w.org\/{rel}","templated":true}]}}