{"id":314,"date":"2021-03-27T15:51:58","date_gmt":"2021-03-27T15:51:58","guid":{"rendered":"https:\/\/new.tabletop-syke.de\/?page_id=314"},"modified":"2021-06-13T16:05:01","modified_gmt":"2021-06-13T16:05:01","slug":"anfahrt","status":"publish","type":"page","link":"https:\/\/new.tabletop-syke.de\/?page_id=314","title":{"rendered":"Anfahrt"},"content":{"rendered":"<div class=\"style-306 style-local-314-c1 position-relative\" data-colibri-id=\"314-c1\">&nbsp;<\/div>\n\n\n<p class=\"has-text-align-center has-colibri-color-6-color has-text-color has-large-font-size\"><strong>\u00d6ffnungszeiten<\/strong> <br><em>Samstags ab 13 Uhr &#8211; open end.<\/em><\/p>\n\n\n\n<p class=\"has-text-align-center has-colibri-color-6-color has-text-color\" style=\"font-size:33px\">Ihr erreicht uns unter folgender<strong> <em>Adresse<\/em><\/strong>.<strong><br><\/strong>Parkpl\u00e4tze sind zur Gen\u00fcge vorhanden.<\/p>\n\n\n\n<center><iframe src=\"https:\/\/www.google.com\/maps\/embed?pb=!1m18!1m12!1m3!1d2406.4037827906536!2d8.823430651817825!3d52.90515821526679!2m3!1f0!2f0!3f0!3m2!1i1024!2i768!4f13.1!3m3!1m2!1s0x47b0dad93d71604b%3A0x33d5cce47f923536!2sAm%20Lindhof%201%2C%2028857%20Syke!5e0!3m2!1sde!2sde!4v1616865413861!5m2!1sde!2sde\" width=\"1200\" height=\"800\" style=\"border:0;\" allowfullscreen=\"\" loading=\"lazy\"><\/iframe><center>\n\n\n\n<figure class=\"wp-block-image size-large\"><img loading=\"lazy\" decoding=\"async\" width=\"1024\" height=\"680\" src=\"https:\/\/new.tabletop-syke.de\/wp-content\/uploads\/2021\/06\/DSC00540-min-1024x680.jpg\" alt=\"\" class=\"wp-image-1278\" srcset=\"https:\/\/new.tabletop-syke.de\/wp-content\/uploads\/2021\/06\/DSC00540-min-1024x680.jpg 1024w, https:\/\/new.tabletop-syke.de\/wp-content\/uploads\/2021\/06\/DSC00540-min-300x199.jpg 300w, https:\/\/new.tabletop-syke.de\/wp-content\/uploads\/2021\/06\/DSC00540-min-768x510.jpg 768w, https:\/\/new.tabletop-syke.de\/wp-content\/uploads\/2021\/06\/DSC00540-min-1536x1021.jpg 1536w, https:\/\/new.tabletop-syke.de\/wp-content\/uploads\/2021\/06\/DSC00540-min-2048x1361.jpg 2048w\" sizes=\"auto, (max-width: 1024px) 100vw, 1024px\" \/><\/figure>\n","protected":false},"excerpt":{"rendered":"<p>&nbsp; \u00d6ffnungszeiten Samstags ab 13 Uhr &#8211; open end. Ihr erreicht uns unter folgender Adresse.Parkpl\u00e4tze sind zur Gen\u00fcge vorhanden.<\/p>\n","protected":false},"author":1,"featured_media":0,"parent":0,"menu_order":0,"comment_status":"closed","ping_status":"closed","template":"page-templates\/full-width-page.php","meta":{"footnotes":""},"class_list":["post-314","page","type-page","status-publish","hentry"],"_links":{"self":[{"href":"https:\/\/new.tabletop-syke.de\/index.php?rest_route=\/wp\/v2\/pages\/314","targetHints":{"allow":["GET"]}}],"collection":[{"href":"https:\/\/new.tabletop-syke.de\/index.php?rest_route=\/wp\/v2\/pages"}],"about":[{"href":"https:\/\/new.tabletop-syke.de\/index.php?rest_route=\/wp\/v2\/types\/page"}],"author":[{"embeddable":true,"href":"https:\/\/new.tabletop-syke.de\/index.php?rest_route=\/wp\/v2\/users\/1"}],"replies":[{"embeddable":true,"href":"https:\/\/new.tabletop-syke.de\/index.php?rest_route=%2Fwp%2Fv2%2Fcomments&post=314"}],"version-history":[{"count":19,"href":"https:\/\/new.tabletop-syke.de\/index.php?rest_route=\/wp\/v2\/pages\/314\/revisions"}],"predecessor-version":[{"id":1279,"href":"https:\/\/new.tabletop-syke.de\/index.php?rest_route=\/wp\/v2\/pages\/314\/revisions\/1279"}],"wp:attachment":[{"href":"https:\/\/new.tabletop-syke.de\/index.php?rest_route=%2Fwp%2Fv2%2Fmedia&parent=314"}],"curies":[{"name":"wp","href":"https:\/\/api.w.org\/{rel}","templated":true}]}}